{"id":3816,"date":"2020-07-20T09:12:17","date_gmt":"2020-07-20T09:12:17","guid":{"rendered":"https:\/\/palas-china.com.cn\/en\/?post_type=product&#038;p=3816"},"modified":"2025-01-22T15:59:12","modified_gmt":"2025-01-22T07:59:12","slug":"fidas-frog","status":"publish","type":"product","link":"https:\/\/palas.com.cn\/en\/product\/fidas-frog\/","title":{"rendered":"Fidas\u00ae Frog"},"content":{"rendered":"<p>[vc_row][vc_column][vc_column_text]The fine dust measurement device Fidas<sup>\u00ae<\/sup>\u00a0Frog allows for a fast, reliable and quality-assured determination of fine dust e.g. monitoring within the scope of Health, Safety and Environment (HSE) management at workplaces (exposure assessment) or in the range of indoor air quality measurements (e.g. for offices, public buildings such as schools, passenger compartments&#8230;) .<\/p>\n<p>It measures simultaneously the environmentally relevant mass fractions PM1 , PM2.5, PM4, PM10, TSP as well as the particle number and the particle size distribution within the particle size range of 0.18 \u2013 100 \u00b5m. By providing fine dust values with high time resolution, the operator receives comprehensive information for evaluation and assessment of the fine dust pollution for the investigated application.<\/p>\n<p>The very compact and light design as a portable hand-held monitor with either battery or mains power operation as well as the operation time of up to 8 hours per battery charge, allow for a flexible application of the Fidas<sup>\u00ae<\/sup>\u00a0Frog at any measurement sites.<\/p>\n<p><img loading=\"lazy\" class=\"alignnone size-medium wp-image-4035\" src=\"https:\/\/palas-china.com.cn\/en\/wp-content\/uploads\/2020\/07\/1-18-300x225.jpg\" alt=\"\" width=\"300\" height=\"225\" srcset=\"https:\/\/palas.com.cn\/en\/wp-content\/uploads\/2020\/07\/1-18-300x225.jpg 300w, https:\/\/palas.com.cn\/en\/wp-content\/uploads\/2020\/07\/1-18-768x576.jpg 768w, https:\/\/palas.com.cn\/en\/wp-content\/uploads\/2020\/07\/1-18-600x450.jpg 600w, https:\/\/palas.com.cn\/en\/wp-content\/uploads\/2020\/07\/1-18.jpg 933w\" sizes=\"(max-width: 300px) 100vw, 300px\" \/><\/p>\n<p><img loading=\"lazy\" class=\"alignnone size-medium wp-image-4036\" src=\"https:\/\/palas-china.com.cn\/en\/wp-content\/uploads\/2020\/07\/2-8-300x225.jpg\" alt=\"\" width=\"300\" height=\"225\" srcset=\"https:\/\/palas.com.cn\/en\/wp-content\/uploads\/2020\/07\/2-8-300x225.jpg 300w, https:\/\/palas.com.cn\/en\/wp-content\/uploads\/2020\/07\/2-8-768x576.jpg 768w, https:\/\/palas.com.cn\/en\/wp-content\/uploads\/2020\/07\/2-8-600x450.jpg 600w, https:\/\/palas.com.cn\/en\/wp-content\/uploads\/2020\/07\/2-8.jpg 933w\" sizes=\"(max-width: 300px) 100vw, 300px\" \/><\/p>\n<p><img loading=\"lazy\" class=\"alignnone size-medium wp-image-4037\" src=\"https:\/\/palas-china.com.cn\/en\/wp-content\/uploads\/2020\/07\/3-9-300x225.jpg\" alt=\"\" width=\"300\" height=\"225\" srcset=\"https:\/\/palas.com.cn\/en\/wp-content\/uploads\/2020\/07\/3-9-300x225.jpg 300w, https:\/\/palas.com.cn\/en\/wp-content\/uploads\/2020\/07\/3-9-768x576.jpg 768w, https:\/\/palas.com.cn\/en\/wp-content\/uploads\/2020\/07\/3-9-600x450.jpg 600w, https:\/\/palas.com.cn\/en\/wp-content\/uploads\/2020\/07\/3-9.jpg 933w\" sizes=\"(max-width: 300px) 100vw, 300px\" \/><\/p>\n<p>Fig. 1: Fidas<sup>\u00ae<\/sup>\u00a0Frog<\/p>\n<p>Fidas<sup>\u00ae<\/sup>\u00a0Frog communicates via WLAN with its wireless operator\u00b4s panel (Tablet). By this it is possible to perform measurements with a distance between the measurement site itself and the operator of the Fidas<sup>\u00ae<\/sup>\u00a0Frog, e.g. for sites difficult to access. This concept furthermore allows for the integration of one or more Fidas<sup>\u00ae<\/sup>\u00a0Frog in an existing network and the control of the connected devices from one central PC, e.g. for area-wide monitoring of a production facility.<\/p>\n<p>Fidas<sup>\u00ae<\/sup>\u00a0Frog uses the recognized measurement technology of optical light scattering of single particles and is equipped with a LED light source with high intensity (dp min = 180 nm), highly stable output and long lifetime. The sensor and the evaluation routines of the Fidas<sup>\u00ae<\/sup>\u00a0Frog are also used in the Fidas<sup>\u00ae<\/sup>\u00a0200, which is certified for monitoring of PM<sub>2.5<\/sub>\u00a0and PM<sub>10<\/sub>\u00a0in ambient air by T\u00dcV\/Umweltbundesamt and which have been validated in comprehensive comparison campaigns versus the gravimetric reference method. By implementing this well-approved technique and by the numerous measures for quality assurances during the production (e.g. comparison of each Fidas<sup>\u00ae<\/sup>\u00a0Frog with a certified Fidas<sup>\u00ae<\/sup>\u00a0200), precise and quality-assured measurements can be ensured.<\/p>\n<p>The calibration of the system can be checked and adjusted, if necessary, easily and quickly also under field conditions on site at any time with the help of a monodisperse test powder.<\/p>\n<p>Fidas<sup>\u00ae<\/sup>\u00a0Frog operates with a volume flow of 1.4 l\/min and is equipped with sensors for environmental conditions, temperature, atmospheric pressure and relative humidity.<\/p>\n<p><b>Principle of measurement<\/b><\/p>\n<p>The actual aerosol sensor is an optical aerosol spectrometer that determines the particle size using Lorenz\u2010Mie scattered light analysis of single particles. The single particles move through an optically differentiated measurement volume that is homogeneously illuminated with white light. Each particle generates a scattered light impulse that is detected at an angle of 85\u00b0 to 95\u00b0 degrees. The particle number is measured based on the number of scattered light impulses. The level of the scattered light impulse is a measure of the particle size diameter.<\/p>\n<p>The lower detection limit for immission measurement was able to be reduced to 180 nm through improved optics, higher light density using a new white LED as the light source, and improved signal analysis (logarithmic analog digital converter). This enables greatly improved detection, especially of smaller particles, which are mainly found at high concentrations near roadsides (see Fig. 2).<\/p>\n<p><img loading=\"lazy\" class=\"alignnone size-medium wp-image-4038\" src=\"https:\/\/palas-china.com.cn\/en\/wp-content\/uploads\/2020\/07\/4-5-300x165.png\" alt=\"\" width=\"300\" height=\"165\" srcset=\"https:\/\/palas.com.cn\/en\/wp-content\/uploads\/2020\/07\/4-5-300x165.png 300w, https:\/\/palas.com.cn\/en\/wp-content\/uploads\/2020\/07\/4-5-1024x563.png 1024w, https:\/\/palas.com.cn\/en\/wp-content\/uploads\/2020\/07\/4-5-768x422.png 768w, https:\/\/palas.com.cn\/en\/wp-content\/uploads\/2020\/07\/4-5-600x330.png 600w, https:\/\/palas.com.cn\/en\/wp-content\/uploads\/2020\/07\/4-5.png 1199w\" sizes=\"(max-width: 300px) 100vw, 300px\" \/><\/p>\n<p>Fig. 2: Higher sensitivity with the Fidas<sup>\u00ae<\/sup>\u00a0fine dust measurement system for the 0.18 \u2013 18 \u00b5m particle size range<\/p>\n<p>The better the classification accuracy and the resolution capacity, the more accurate the definition of the particle size distribution.<\/p>\n<p>Using a white light source enables a precise and unambiguous calibration curve to be obtained, resulting in an extremely high size resolution. The patented T-stop provides a precisely defined optical measurement volume and enables particle measurement without border-zone errors, resulting in a precise size measurement. The new digitized electronic signal analysis system enables the rapid identification and correction of coincidence, as necessary.<\/p>\n<p><img loading=\"lazy\" class=\"alignnone size-medium wp-image-4039\" src=\"https:\/\/palas-china.com.cn\/en\/wp-content\/uploads\/2020\/07\/5-3-273x300.png\" alt=\"\" width=\"273\" height=\"300\" srcset=\"https:\/\/palas.com.cn\/en\/wp-content\/uploads\/2020\/07\/5-3-273x300.png 273w, https:\/\/palas.com.cn\/en\/wp-content\/uploads\/2020\/07\/5-3-600x660.png 600w, https:\/\/palas.com.cn\/en\/wp-content\/uploads\/2020\/07\/5-3.png 636w\" sizes=\"(max-width: 273px) 100vw, 273px\" \/><\/p>\n<p>Fig. 3: Comparison of the algorithms for conversion of the particle size distribution by PM values<\/p>\n<p>In order to convert the measured values into a mass or mass fraction, the high-resolution particle size distribution in each value is multiplied by a correlation factor that reflects the different sources (e.g. combustion aerosols, tire wear, pollen) of the environmental aerosol (see Fig. 3). A mass fraction is obtained by additionally applying the separation curve to the determined particle size distribution. Multiple separation curves can be used simultaneously for the same size distribution, which enables the simultaneous output of PM10, PM2.5, PM1 (and others). For example the Fidas<sup>\u00ae<\/sup>\u00a0Frog can be operated with the same conversion algorithm, which has also been implemented in the type-approved and certified ambient air monitoring system Fidas<sup>\u00ae<\/sup>\u00a0200 for regulatory monitoring of ambient PM2.5 and PM10 concentrations.<\/p>\n<p><b>Operation<\/b><\/p>\n<p>The operation of the Fidas<sup>\u00ae<\/sup>\u00a0Frog is intuitive and simple. With the operator interface, all measured data can be evaluated and compared directly. Already during the measurement, messages on exceeded limit values are possible. These limit values can be defined either based on legal requirements or on individual needs (see limit values in fig. 4).<\/p>\n<p><a class=\"vfsfile image block fancybox\" title=\"Zertifiziertes Feinstaubmessger\u00e4t Fidas 200, Fidas Frog, Mobiles Feinstaubmessger\u00e4t, Batteriebetrieben, tragbar, Umwelttechnologie, Luftqualit\u00e4t, PM2,5, PM10\" href=\"https:\/\/www.palas.de\/file\/SB2013\/image\/png\/Frog_Measurement_Example_HP+bearbeitet.png.png?size=1200x700\" name=\"vfsfileSB2013\" data-fancybox-group=\"fancybox-f680f905b6a9e0f82ab0345254e74f3b\"><img loading=\"lazy\" class=\"alignnone size-medium wp-image-4040\" src=\"https:\/\/palas-china.com.cn\/en\/wp-content\/uploads\/2020\/07\/6-1-300x187.png\" alt=\"\" width=\"300\" height=\"187\" srcset=\"https:\/\/palas.com.cn\/en\/wp-content\/uploads\/2020\/07\/6-1-300x187.png 300w, https:\/\/palas.com.cn\/en\/wp-content\/uploads\/2020\/07\/6-1-1024x639.png 1024w, https:\/\/palas.com.cn\/en\/wp-content\/uploads\/2020\/07\/6-1-768x480.png 768w, https:\/\/palas.com.cn\/en\/wp-content\/uploads\/2020\/07\/6-1-600x375.png 600w, https:\/\/palas.com.cn\/en\/wp-content\/uploads\/2020\/07\/6-1.png 1121w\" sizes=\"(max-width: 300px) 100vw, 300px\" \/><\/a><\/p>\n<p>Fig. 4: Display of measured values during a measurement<\/p>\n<p>An integrated camera is documenting the measurement set-up. By this pictures can be added for documentation directly and in a comfortable way to the measured data set or the measurement report in pdf, generated by the device itself. Fig. 5 shows such a measurement report in pdf including data of the measurement conditions saved by the user and graphical evaluation of the measurement data. Pictures of a workplace measurement have exemplarily been attached to this measurement report as well.<\/p>\n<p><a class=\"vfsfile image block fancybox\" title=\"Zertifiziertes Feinstaubmessger\u00e4t Fidas 200, Fidas Frog, Mobiles Feinstaubmessger\u00e4t, Batteriebetrieben, tragbar, Umwelttechnologie, Luftqualit\u00e4t, PM2,5, PM10\" href=\"https:\/\/www.palas.de\/file\/Iw2041\/image\/png\/Frog+pdf+report+s.+1+u+2.png.png?size=1200x700\" name=\"vfsfileIw2041\" data-fancybox-group=\"fancybox-f680f905b6a9e0f82ab0345254e74f3b\"><img loading=\"lazy\" class=\"alignnone size-medium wp-image-4041\" src=\"https:\/\/palas-china.com.cn\/en\/wp-content\/uploads\/2020\/07\/7-300x213.png\" alt=\"\" width=\"300\" height=\"213\" srcset=\"https:\/\/palas.com.cn\/en\/wp-content\/uploads\/2020\/07\/7-300x213.png 300w, https:\/\/palas.com.cn\/en\/wp-content\/uploads\/2020\/07\/7-768x545.png 768w, https:\/\/palas.com.cn\/en\/wp-content\/uploads\/2020\/07\/7-600x426.png 600w, https:\/\/palas.com.cn\/en\/wp-content\/uploads\/2020\/07\/7.png 985w\" sizes=\"(max-width: 300px) 100vw, 300px\" \/><\/a><\/p>\n<p>Fig. 5: Example for a measurement report (page 1 and 2)<\/p>\n<p>The measured data can either directly be printed or transfered to an USB-stick via the micro-USB-port and be processed on an external PC. In this case, the evaluation software PDAnalyze Fidas<sup>\u00ae<\/sup>\u00a0offers various data evaluations especially for the particle size distribution and it offers possibilities for export.<\/p>\n<p><a class=\"vfsfile image block fancybox\" title=\"Zertifiziertes Feinstaubmessger\u00e4t Fidas 200, Fidas Frog, Mobiles Feinstaubmessger\u00e4t, Batteriebetrieben, tragbar, Umwelttechnologie, Luftqualit\u00e4t, PM2,5, PM10\" href=\"https:\/\/www.palas.de\/file\/YH2067\/image\/png\/Feinstaubmessger%C3%A4t++Fidas+Frog+seitlich+mit+Bildmarke.png?size=1200x700\" name=\"vfsfileYH2067\" data-fancybox-group=\"fancybox-f680f905b6a9e0f82ab0345254e74f3b\"><img loading=\"lazy\" class=\"alignnone size-medium wp-image-4042\" src=\"https:\/\/palas-china.com.cn\/en\/wp-content\/uploads\/2020\/07\/8-300x197.png\" alt=\"\" width=\"300\" height=\"197\" srcset=\"https:\/\/palas.com.cn\/en\/wp-content\/uploads\/2020\/07\/8-300x197.png 300w, https:\/\/palas.com.cn\/en\/wp-content\/uploads\/2020\/07\/8-1024x672.png 1024w, https:\/\/palas.com.cn\/en\/wp-content\/uploads\/2020\/07\/8-768x504.png 768w, https:\/\/palas.com.cn\/en\/wp-content\/uploads\/2020\/07\/8-600x394.png 600w, https:\/\/palas.com.cn\/en\/wp-content\/uploads\/2020\/07\/8.png 1067w\" sizes=\"(max-width: 300px) 100vw, 300px\" \/><\/a>[\/vc_column_text][\/vc_column][\/vc_row]<\/p>\n","protected":false},"excerpt":{"rendered":"<p>Battery powered, portable fine dust measurement device with detachable control panel, for outdoor, indoor and workplace measurements<\/p>\n","protected":false},"featured_media":3864,"template":"","meta":[],"_links":{"self":[{"href":"https:\/\/palas.com.cn\/en\/wp-json\/wp\/v2\/product\/3816"}],"collection":[{"href":"https:\/\/palas.com.cn\/en\/wp-json\/wp\/v2\/product"}],"about":[{"href":"https:\/\/palas.com.cn\/en\/wp-json\/wp\/v2\/types\/product"}],"wp:featuredmedia":[{"embeddable":true,"href":"https:\/\/palas.com.cn\/en\/wp-json\/wp\/v2\/media\/3864"}],"wp:attachment":[{"href":"https:\/\/palas.com.cn\/en\/wp-json\/wp\/v2\/media?parent=3816"}],"curies":[{"name":"wp","href":"https:\/\/api.w.org\/{rel}","templated":true}]}}