{"id":4666,"date":"2020-07-29T10:46:58","date_gmt":"2020-07-29T10:46:58","guid":{"rendered":"https:\/\/palas-china.com.cn\/en\/?post_type=product&#038;p=4666"},"modified":"2020-07-30T04:08:17","modified_gmt":"2020-07-30T04:08:17","slug":"mfp-1000","status":"publish","type":"product","link":"https:\/\/palas.com.cn\/en\/product\/mfp-1000\/","title":{"rendered":"MFP 1000"},"content":{"rendered":"<p>[vc_row][vc_column][vc_column_text]<img loading=\"lazy\" class=\"alignnone size-medium wp-image-4682\" src=\"https:\/\/palas-china.com.cn\/en\/wp-content\/uploads\/2020\/07\/1-53-168x300.jpg\" alt=\"\" width=\"168\" height=\"300\" srcset=\"https:\/\/palas.com.cn\/en\/wp-content\/uploads\/2020\/07\/1-53-168x300.jpg 168w, https:\/\/palas.com.cn\/en\/wp-content\/uploads\/2020\/07\/1-53-13x24.jpg 13w, https:\/\/palas.com.cn\/en\/wp-content\/uploads\/2020\/07\/1-53-20x36.jpg 20w, https:\/\/palas.com.cn\/en\/wp-content\/uploads\/2020\/07\/1-53-27x48.jpg 27w, https:\/\/palas.com.cn\/en\/wp-content\/uploads\/2020\/07\/1-53.jpg 391w\" sizes=\"(max-width: 168px) 100vw, 168px\" \/><\/p>\n<p>Fig. 1: MFP 1000<\/p>\n<p>MFP filter test rigs from Palas<sup>\u00ae<\/sup>\u00a0have already proved themselves many times over all around the world in practical applications in development and quality control.<\/p>\n<p>The MFP filter test rig is a modular filter testing system for flat filter media and small mini-filters. The MFP 1000 can be used to determine:<\/p>\n<p><span style=\"color: #008b57;\">\u2022<\/span>\u00a0\u00a0\u00a0\u00a0<b>pressure loss curve on the medium without a dust coating,<br \/>\n<\/b><span style=\"color: #008b57;\">\u2022<\/span>\u00a0\u00a0\u00a0\u00a0<b>fraction separation efficiency, or<br \/>\n<\/b><span style=\"color: #008b57;\">\u2022<\/span>\u00a0\u00a0\u00a0\u00a0<b>burden and fraction separation efficiency during application of the burden<\/b><\/p>\n<p>within shortest times \u2013 reliably and therefore cost-effectively.<\/p>\n<p>The corresponding aerosol generator can be used depending on the standard or application.<\/p>\n<p><b>With the aid of the new light scattering spectrometer Promo<sup>\u00ae<\/sup>\u00a01000, clear and reliable determination of the aerosol concentration and the particle size and therefore a clear determination of the fraction separation efficiency can be ensured.<\/b><\/p>\n<p>The largely automated setup of the test sequence together with the clearly defined individual components and the individually adjustable sequence programs of the filter test software FTControl combine to deliver the high reliability of our measurement results.<\/p>\n<p><b>As a result, filter tests can be performed quickly and easily with the different test aerosols.<\/b><\/p>\n<p><b>Our<\/b>\u00a0<b>quality in detail<\/b><\/p>\n<p><a class=\"vfsfile image block fancybox\" title=\"Filterpr\u00fcfstand, Filtermedienpr\u00fcfstand, Filterpr\u00fcfsystem, Filtermedien, Streulichtspektrometer, Aerosolgenerator, Aerosolkonzentration, Aerosolerzeugung, Partikelgr\u00f6\u00dfenanalyse, Abscheidegradbestimmung, Mess- und Regeltechnik\" href=\"https:\/\/www.palas.de\/file\/Ru1153\/image\/jpeg\/MFP+1000+Filtermedienpr%C3%BCfstand+mit+Nummern.jpg.jpg?size=1200x700\" name=\"vfsfileRu1153\" data-fancybox-group=\"fancybox-6e58abdbcdec18968c2919d069cf49fb\"><img loading=\"lazy\" class=\"alignnone size-medium wp-image-4684\" src=\"https:\/\/palas-china.com.cn\/en\/wp-content\/uploads\/2020\/07\/2-34-202x300.jpg\" alt=\"\" width=\"202\" height=\"300\" srcset=\"https:\/\/palas.com.cn\/en\/wp-content\/uploads\/2020\/07\/2-34-202x300.jpg 202w, https:\/\/palas.com.cn\/en\/wp-content\/uploads\/2020\/07\/2-34-16x24.jpg 16w, https:\/\/palas.com.cn\/en\/wp-content\/uploads\/2020\/07\/2-34-24x36.jpg 24w, https:\/\/palas.com.cn\/en\/wp-content\/uploads\/2020\/07\/2-34-32x48.jpg 32w, https:\/\/palas.com.cn\/en\/wp-content\/uploads\/2020\/07\/2-34.jpg 472w\" sizes=\"(max-width: 202px) 100vw, 202px\" \/><\/a><\/p>\n<p>Fig. 2: MFP 1000<\/p>\n<p>1.\u00a0<b>Variable aerosol generation<\/b>\u00a0Thanks to the use of different dispersers for dusts, KCl\/NaCl, DEHS etc.; shortened measurement times are possible e.g. through increased dust concentration<\/p>\n<p>2.\u00a0<b>Corona discharge<\/b>\u00a0(optional) \u2013 adjustable ion stream for different mass flows. Mixed air, adjustable for inflow speeds from 0.05 to 1 m\/s. Optional: Transient inflow.<\/p>\n<p>3. Mobile pneumatic\u00a0<b>filter holder<\/b>\u00a0for fast removal and loading of the test rig.<\/p>\n<p>4.\u00a0<b>Light scattering spectrometer Promo<sup>\u00ae<\/sup>\u00a0system for clear particle measurements in high concentrations of up to 5 \u2022 10<sup>5<\/sup>\u00a0particles\/cm<sup>3<\/sup>\u00a0(SAE Fine)\u00a0<\/b>with integrated Windows test rig software. Easy to operate even for untrained personnel thanks to the automated sequence programs for performance of the filter testing. The test rig can be controlled fully automatically.<\/p>\n<p><b>Automation<\/b><\/p>\n<p>The MFP 1000 has integrated mass flow controllers that it uses to control the volume flow; these can be automatically monitored and controlled via the FTControl filter test software. The integrated sensor data such as the volume flow and differential pressure at the filter are also recorded automatically during the filter test.<\/p>\n<p><b>Measurement of the fraction separation efficiency<\/b><\/p>\n<p><img loading=\"lazy\" class=\"alignnone size-medium wp-image-4685\" src=\"https:\/\/palas-china.com.cn\/en\/wp-content\/uploads\/2020\/07\/3-12-300x165.png\" alt=\"\" width=\"300\" height=\"165\" srcset=\"https:\/\/palas.com.cn\/en\/wp-content\/uploads\/2020\/07\/3-12-300x165.png 300w, https:\/\/palas.com.cn\/en\/wp-content\/uploads\/2020\/07\/3-12-1024x564.png 1024w, https:\/\/palas.com.cn\/en\/wp-content\/uploads\/2020\/07\/3-12-768x423.png 768w, https:\/\/palas.com.cn\/en\/wp-content\/uploads\/2020\/07\/3-12-24x13.png 24w, https:\/\/palas.com.cn\/en\/wp-content\/uploads\/2020\/07\/3-12-36x20.png 36w, https:\/\/palas.com.cn\/en\/wp-content\/uploads\/2020\/07\/3-12-48x26.png 48w, https:\/\/palas.com.cn\/en\/wp-content\/uploads\/2020\/07\/3-12-600x331.png 600w, https:\/\/palas.com.cn\/en\/wp-content\/uploads\/2020\/07\/3-12.png 1200w\" sizes=\"(max-width: 300px) 100vw, 300px\" \/><\/p>\n<p>Fig. 3: Example: Comparison of fraction separation efficiencies<\/p>\n<p><span style=\"color: #008b57;\">\u2022<\/span>\u00a0\u00a0\u00a0\u00a0Clear demonstration of the separation efficiency of your filter medium throughout the entire measurement range from 0.12 \u00b5m to 40 \u00b5m with the Promo<sup>\u00ae<\/sup>\u00a0system<br \/>\n<span style=\"color: #008b57;\">\u2022<\/span>\u00a0\u00a0\u00a0\u00a0With its maximum sensitivity, the particle measurement technology can highlight even fine differences in separation efficiency.<br \/>\n<span style=\"color: #008b57;\">\u2022<\/span>\u00a0\u00a0\u00a0\u00a0Short measurement times of around 2 minutes per separation efficiency measurement thanks to optimized aerosol application<br \/>\n<span style=\"color: #008b57;\">\u2022<\/span>\u00a0\u00a0\u00a0\u00a0Simple comparison of separation efficiency curves, calculation of mean values also possible<\/p>\n<p><b>Sampling and layout<\/b><\/p>\n<p>The strictly vertical layout of the MFP 1000 test system with just one sampling probe delivers clear measurements even for larger particles of up to 40 \u00b5m, as sedimentation losses can be ruled out. This enables reliable determination of the separation efficiency across the entire measurement range for all particle sizes.<\/p>\n<p><b>Burden \/ hold time measurement and record of the pressure loss curve<\/b><\/p>\n<p><img loading=\"lazy\" class=\"alignnone size-medium wp-image-4689\" src=\"https:\/\/palas-china.com.cn\/en\/wp-content\/uploads\/2020\/07\/4-8-300x165.png\" alt=\"\" width=\"300\" height=\"165\" srcset=\"https:\/\/palas.com.cn\/en\/wp-content\/uploads\/2020\/07\/4-8-300x165.png 300w, https:\/\/palas.com.cn\/en\/wp-content\/uploads\/2020\/07\/4-8-1024x561.png 1024w, https:\/\/palas.com.cn\/en\/wp-content\/uploads\/2020\/07\/4-8-768x421.png 768w, https:\/\/palas.com.cn\/en\/wp-content\/uploads\/2020\/07\/4-8-24x13.png 24w, https:\/\/palas.com.cn\/en\/wp-content\/uploads\/2020\/07\/4-8-36x20.png 36w, https:\/\/palas.com.cn\/en\/wp-content\/uploads\/2020\/07\/4-8-48x26.png 48w, https:\/\/palas.com.cn\/en\/wp-content\/uploads\/2020\/07\/4-8-600x329.png 600w, https:\/\/palas.com.cn\/en\/wp-content\/uploads\/2020\/07\/4-8.png 1200w\" sizes=\"(max-width: 300px) 100vw, 300px\" \/><\/p>\n<p>Fig. 4: Example: Hold time measurement<\/p>\n<p><span style=\"color: #008b57;\">\u2022<\/span>\u00a0\u00a0\u00a0\u00a0Performance of measurements of the fraction separation efficiency during dust application; pressure loss or measurement time can be pre-selected as the abort criterion<br \/>\n<span style=\"color: #008b57;\">\u2022<\/span>\u00a0\u00a0\u00a0\u00a0Determination and representation of the pressure loss curve and retention curve in diagram and table form The representation of the particle diameters at 80% and 95% separation efficiency provides additional information.<br \/>\n<span style=\"color: #008b57;\">\u2022<\/span>\u00a0\u00a0\u00a0\u00a0Comparison of the fraction separation efficiencies during the different burdening steps<br \/>\n<span style=\"color: #008b57;\">\u2022<\/span>\u00a0\u00a0\u00a0\u00a0Shortening of the measurement times, e.g. through increased dust concentration<\/p>\n<p><b>Aerosol generator of your choice<\/b><\/p>\n<p><span style=\"color: #008b57;\">\u2022<\/span> \u00a0\u00a0\u00a0RBG 1000<br \/>\n<span style=\"color: #008b57;\">\u2022<\/span> \u00a0\u00a0\u00a0AGK 2000 with drying length<br \/>\n<span style=\"color: #008b57;\">\u2022<\/span>\u00a0\u00a0\u00a0\u00a0PLG 1000[\/vc_column_text][\/vc_column][\/vc_row]<\/p>\n","protected":false},"excerpt":{"rendered":"<p><strong>Fast and okonomical quality control and development<\/strong>\u00a0of flat media with dust, oil or salt\u00a0<strong>starting at 120 nm<\/strong>. Versions MFP 1000 HEPA for EN 1822-3 and ISO 29463-3<\/p>\n","protected":false},"featured_media":4721,"template":"","meta":[],"_links":{"self":[{"href":"https:\/\/palas.com.cn\/en\/wp-json\/wp\/v2\/product\/4666"}],"collection":[{"href":"https:\/\/palas.com.cn\/en\/wp-json\/wp\/v2\/product"}],"about":[{"href":"https:\/\/palas.com.cn\/en\/wp-json\/wp\/v2\/types\/product"}],"wp:featuredmedia":[{"embeddable":true,"href":"https:\/\/palas.com.cn\/en\/wp-json\/wp\/v2\/media\/4721"}],"wp:attachment":[{"href":"https:\/\/palas.com.cn\/en\/wp-json\/wp\/v2\/media?parent=4666"}],"curies":[{"name":"wp","href":"https:\/\/api.w.org\/{rel}","templated":true}]}}