{"id":5158,"date":"2020-08-10T05:53:52","date_gmt":"2020-08-10T05:53:52","guid":{"rendered":"https:\/\/palas-china.com.cn\/en\/?post_type=product&#038;p=5158"},"modified":"2024-01-29T11:44:30","modified_gmt":"2024-01-29T03:44:30","slug":"rbg-1000","status":"publish","type":"product","link":"https:\/\/palas.com.cn\/en\/product\/rbg-1000\/","title":{"rendered":"RBG 1000"},"content":{"rendered":"<p>[vc_row][vc_column][vc_column_text]Low-concentration solid particle aerosols produced from powders are required for many applications in research, development, and quality assurance and for the calibration of particle measurement devices.<\/p>\n<p>For more than 25 years, the RBG system has been used worldwide with great success for the reliable dispersion of non-cohesive powders such as mineral dusts, active pharmaceutical ingredients, pollen, etc. in the size range of &lt; 100 \u00b5m and with a fine fraction of &lt; 100 nm. Monolithic solid materials such as blackboard chalk are finely dispersed with highest dosing constancy.<\/p>\n<p>The special advantage of this dosing and dispersion system is that in the case of the RBG 1000, mass flows ranging from approx. 10 mg\/h up to approx. 430 g\/h are dispersed with the highest level of dosing constancy thanks to quick, easy exchange of the solid material reservoir. The fill level of the feed stock reservoir is 70 mm.<\/p>\n<p><b>Optional:<br \/>\n<\/b><span style=\"color: #008b57;\">\u2022<\/span>\u00a0\u00a0\u00a0\u00a0<b>Pressure-resistant up to 3 bar<br \/>\n<\/b><span style=\"color: #008b57;\">\u2022<\/span>\u00a0\u00a0\u00a0\u00a0<b>New: Low pressure operation from 300 mbar (absolute pressure), operation with nitrogen<\/b><\/p>\n<p><b>Start-up<\/b><\/p>\n<p>The powder to be dispersed is filled little by little into the cylindrical solid material reservoir and compressed with a tamper. In the context of the validation of the guideline &#8220;Pr\u00fcfverfahren f\u00fcr mobile Raumluftreinigungsger\u00e4te&#8221; at the Lucerne University of Applied Sciences and Arts an excellent reproducibility of the tamping density in the solid material reservoir was determined. The deviation of the tamping densities of five fillings was just 3.4 %.<\/p>\n<p>The filled solid material reservoir is inserted into the dispersing head of the RGB, and the powder, which has thus been uniformly compressed across the filling level, is conveyed onto a rotating brush at a precisely controlled feed rate. An adjustable volume flow streams over the tightly woven precision brush at a very high speed and tears the particles out of the brush.<\/p>\n<p><b>The entire material delivered can optionally be determined gravimetrically with the RBG 1000 L.<\/b><\/p>\n<p>The dispersing head assembly comprises a dispersing head, dispersing cover, precision brush, and solid material reservoir.<\/p>\n<p><img loading=\"lazy\" class=\"alignnone size-medium wp-image-5160\" src=\"https:\/\/palas-china.com.cn\/en\/wp-content\/uploads\/2020\/08\/1-5-300x189.jpg\" alt=\"\" width=\"300\" height=\"189\" srcset=\"https:\/\/palas.com.cn\/en\/wp-content\/uploads\/2020\/08\/1-5-300x189.jpg 300w, https:\/\/palas.com.cn\/en\/wp-content\/uploads\/2020\/08\/1-5-1024x644.jpg 1024w, https:\/\/palas.com.cn\/en\/wp-content\/uploads\/2020\/08\/1-5-768x483.jpg 768w, https:\/\/palas.com.cn\/en\/wp-content\/uploads\/2020\/08\/1-5-24x15.jpg 24w, https:\/\/palas.com.cn\/en\/wp-content\/uploads\/2020\/08\/1-5-36x23.jpg 36w, https:\/\/palas.com.cn\/en\/wp-content\/uploads\/2020\/08\/1-5-48x30.jpg 48w, https:\/\/palas.com.cn\/en\/wp-content\/uploads\/2020\/08\/1-5-600x377.jpg 600w, https:\/\/palas.com.cn\/en\/wp-content\/uploads\/2020\/08\/1-5.jpg 1113w\" sizes=\"(max-width: 300px) 100vw, 300px\" \/><br \/>\nFig. 1: Schematic diagram of RBG system<\/p>\n<p><b>Dosing<\/b><\/p>\n<p>Dosing is performed via the precisely controlled feed rate of the feed piston. The desired mass flows can be easily and reproducibly specified based on the cross section of the solid material reservoir, the precisely adjustable feed rate of the feed piston and the easy-to-determine tamping density of the powder in the reservoir.<\/p>\n<p><img loading=\"lazy\" class=\"alignnone size-medium wp-image-5161\" src=\"https:\/\/palas-china.com.cn\/en\/wp-content\/uploads\/2020\/08\/2-4-300x262.jpg\" alt=\"\" width=\"300\" height=\"262\" srcset=\"https:\/\/palas.com.cn\/en\/wp-content\/uploads\/2020\/08\/2-4-300x262.jpg 300w, https:\/\/palas.com.cn\/en\/wp-content\/uploads\/2020\/08\/2-4-768x670.jpg 768w, https:\/\/palas.com.cn\/en\/wp-content\/uploads\/2020\/08\/2-4-24x21.jpg 24w, https:\/\/palas.com.cn\/en\/wp-content\/uploads\/2020\/08\/2-4-36x31.jpg 36w, https:\/\/palas.com.cn\/en\/wp-content\/uploads\/2020\/08\/2-4-48x42.jpg 48w, https:\/\/palas.com.cn\/en\/wp-content\/uploads\/2020\/08\/2-4-600x524.jpg 600w, https:\/\/palas.com.cn\/en\/wp-content\/uploads\/2020\/08\/2-4.jpg 802w\" sizes=\"(max-width: 300px) 100vw, 300px\" \/><br \/>\nTable 1: Mass flows of RBG system (compacted density 1 g\/cm<sup>3<\/sup>)<\/p>\n<p><b>Dispersing<\/b><\/p>\n<p>The powder separated from the reservoir by the precision brush is almost completely dispersed into the constituent particles, down to &lt; 100 nm (see Fig. 2), in the dispersing head by the dispersing air flowing at high speed.<\/p>\n<p><img loading=\"lazy\" class=\"alignnone size-medium wp-image-5162\" src=\"https:\/\/palas-china.com.cn\/en\/wp-content\/uploads\/2020\/08\/3-1-300x165.png\" alt=\"\" width=\"300\" height=\"165\" srcset=\"https:\/\/palas.com.cn\/en\/wp-content\/uploads\/2020\/08\/3-1-300x165.png 300w, https:\/\/palas.com.cn\/en\/wp-content\/uploads\/2020\/08\/3-1-1024x562.png 1024w, https:\/\/palas.com.cn\/en\/wp-content\/uploads\/2020\/08\/3-1-768x422.png 768w, https:\/\/palas.com.cn\/en\/wp-content\/uploads\/2020\/08\/3-1-24x13.png 24w, https:\/\/palas.com.cn\/en\/wp-content\/uploads\/2020\/08\/3-1-36x20.png 36w, https:\/\/palas.com.cn\/en\/wp-content\/uploads\/2020\/08\/3-1-48x26.png 48w, https:\/\/palas.com.cn\/en\/wp-content\/uploads\/2020\/08\/3-1-600x330.png 600w, https:\/\/palas.com.cn\/en\/wp-content\/uploads\/2020\/08\/3-1.png 1200w\" sizes=\"(max-width: 300px) 100vw, 300px\" \/><br \/>\nFig. 2: Particle size distribution with the welas<sup>\u00ae\u00a0<\/sup>digital 2000<\/p>\n<p><img loading=\"lazy\" class=\"alignnone size-medium wp-image-5163\" src=\"https:\/\/palas-china.com.cn\/en\/wp-content\/uploads\/2020\/08\/4-300x197.jpg\" alt=\"\" width=\"300\" height=\"197\" srcset=\"https:\/\/palas.com.cn\/en\/wp-content\/uploads\/2020\/08\/4-300x197.jpg 300w, https:\/\/palas.com.cn\/en\/wp-content\/uploads\/2020\/08\/4-1024x672.jpg 1024w, https:\/\/palas.com.cn\/en\/wp-content\/uploads\/2020\/08\/4-768x504.jpg 768w, https:\/\/palas.com.cn\/en\/wp-content\/uploads\/2020\/08\/4-24x16.jpg 24w, https:\/\/palas.com.cn\/en\/wp-content\/uploads\/2020\/08\/4-36x24.jpg 36w, https:\/\/palas.com.cn\/en\/wp-content\/uploads\/2020\/08\/4-48x32.jpg 48w, https:\/\/palas.com.cn\/en\/wp-content\/uploads\/2020\/08\/4-600x394.jpg 600w, https:\/\/palas.com.cn\/en\/wp-content\/uploads\/2020\/08\/4.jpg 1066w\" sizes=\"(max-width: 300px) 100vw, 300px\" \/><br \/>\nFig. 3: Dispersing covers, type A,. type B and type C<\/p>\n<p>Four different dispersing covers can be used for optimal dispersion (see Fig. 3, additional details under &#8220;Accessories&#8221;).<\/p>\n<p><img loading=\"lazy\" class=\"alignnone size-medium wp-image-5164\" src=\"https:\/\/palas-china.com.cn\/en\/wp-content\/uploads\/2020\/08\/5-300x97.jpg\" alt=\"\" width=\"300\" height=\"97\" srcset=\"https:\/\/palas.com.cn\/en\/wp-content\/uploads\/2020\/08\/5-300x97.jpg 300w, https:\/\/palas.com.cn\/en\/wp-content\/uploads\/2020\/08\/5-1024x331.jpg 1024w, https:\/\/palas.com.cn\/en\/wp-content\/uploads\/2020\/08\/5-768x248.jpg 768w, https:\/\/palas.com.cn\/en\/wp-content\/uploads\/2020\/08\/5-24x8.jpg 24w, https:\/\/palas.com.cn\/en\/wp-content\/uploads\/2020\/08\/5-36x12.jpg 36w, https:\/\/palas.com.cn\/en\/wp-content\/uploads\/2020\/08\/5-48x16.jpg 48w, https:\/\/palas.com.cn\/en\/wp-content\/uploads\/2020\/08\/5-600x194.jpg 600w, https:\/\/palas.com.cn\/en\/wp-content\/uploads\/2020\/08\/5.jpg 1200w\" sizes=\"(max-width: 300px) 100vw, 300px\" \/><br \/>\nTable 2: Dispersion covers<\/p>\n<p><img loading=\"lazy\" class=\"alignnone size-medium wp-image-5165\" src=\"https:\/\/palas-china.com.cn\/en\/wp-content\/uploads\/2020\/08\/6-277x300.jpg\" alt=\"\" width=\"277\" height=\"300\" srcset=\"https:\/\/palas.com.cn\/en\/wp-content\/uploads\/2020\/08\/6-277x300.jpg 277w, https:\/\/palas.com.cn\/en\/wp-content\/uploads\/2020\/08\/6-22x24.jpg 22w, https:\/\/palas.com.cn\/en\/wp-content\/uploads\/2020\/08\/6-33x36.jpg 33w, https:\/\/palas.com.cn\/en\/wp-content\/uploads\/2020\/08\/6-44x48.jpg 44w, https:\/\/palas.com.cn\/en\/wp-content\/uploads\/2020\/08\/6-600x649.jpg 600w, https:\/\/palas.com.cn\/en\/wp-content\/uploads\/2020\/08\/6.jpg 646w\" sizes=\"(max-width: 277px) 100vw, 277px\" \/><br \/>\nTable 3: Different versions of the RBG system<\/p>\n<p>I = version for inhalation D = pressure-resistant G = low feed rate L = easily removable and weighable dosing unit S = nitrogen version<\/p>\n<p><b>Pulse mode<\/b><\/p>\n<p>The construction design of the RBG system allows for operation in &#8220;powder&#8221;\/&#8221;no powder&#8221; pulse mode with cycle lengths ranging down to a second. The function can be set manually via the &#8220;Stop\/Start&#8221;, and &#8220;Forward&#8221; keys or automatically via an electric timer switch.<\/p>\n<p>All RBG versions can be optionally\u00a0<b>controlled via remote control<\/b>\u00a0or via computer.[\/vc_column_text][\/vc_column][\/vc_row]<\/p>\n","protected":false},"excerpt":{"rendered":"<p>Generation of test aerosols from powders, pollen, and spores, mass flow approx. 10 mg\/h \u2013 430 g\/h<\/p>\n","protected":false},"featured_media":5309,"template":"","meta":[],"_links":{"self":[{"href":"https:\/\/palas.com.cn\/en\/wp-json\/wp\/v2\/product\/5158"}],"collection":[{"href":"https:\/\/palas.com.cn\/en\/wp-json\/wp\/v2\/product"}],"about":[{"href":"https:\/\/palas.com.cn\/en\/wp-json\/wp\/v2\/types\/product"}],"wp:featuredmedia":[{"embeddable":true,"href":"https:\/\/palas.com.cn\/en\/wp-json\/wp\/v2\/media\/5309"}],"wp:attachment":[{"href":"https:\/\/palas.com.cn\/en\/wp-json\/wp\/v2\/media?parent=5158"}],"curies":[{"name":"wp","href":"https:\/\/api.w.org\/{rel}","templated":true}]}}