{"id":5410,"date":"2020-08-18T08:48:09","date_gmt":"2020-08-18T08:48:09","guid":{"rendered":"https:\/\/palas-china.com.cn\/en\/?post_type=product&#038;p=5410"},"modified":"2025-01-20T12:14:59","modified_gmt":"2025-01-20T04:14:59","slug":"aerosol-sensor-welas-2100-h","status":"publish","type":"product","link":"https:\/\/palas.com.cn\/en\/product\/aerosol-sensor-welas-2100-h\/","title":{"rendered":"Aerosol sensor welas\u00ae 2100 H"},"content":{"rendered":"<p>Je nach Zusammensetzung des zu messenden Aerosols, d. h. der Tr\u00e4gergaskomponenten und des Partikelmaterials, k\u00f6nnen Druck\u00e4nderungen im Tr\u00e4gergas die Partikelgr\u00f6\u00dfenverteilung und die Partikelkonzentration, z. B. durch Kondensation oder Verdampfung, signifikant beeinflussen.<\/p>\n<p>Daher sind die welas<sup>\u00ae<\/sup>\u00a0Aerosolsensoren welas<sup>\u00ae<\/sup>\u00a02070 H bis welas<sup>\u00ae<\/sup> 2500 H mit einer heizbaren K\u00fcvette ausger\u00fcstet, um eine isobare Probenahme bis in das Messvolumen des Sensors sicherzustellen.<br \/>\n<img loading=\"lazy\" class=\"alignnone size-medium wp-image-5411\" src=\"https:\/\/palas-china.com.cn\/en\/wp-content\/uploads\/2020\/08\/1-24-288x300.jpg\" alt=\"\" width=\"288\" height=\"300\" srcset=\"https:\/\/palas.com.cn\/en\/wp-content\/uploads\/2020\/08\/1-24-288x300.jpg 288w, https:\/\/palas.com.cn\/en\/wp-content\/uploads\/2020\/08\/1-24-24x24.jpg 24w, https:\/\/palas.com.cn\/en\/wp-content\/uploads\/2020\/08\/1-24-46x48.jpg 46w, https:\/\/palas.com.cn\/en\/wp-content\/uploads\/2020\/08\/1-24-600x626.jpg 600w, https:\/\/palas.com.cn\/en\/wp-content\/uploads\/2020\/08\/1-24.jpg 670w\" sizes=\"(max-width: 288px) 100vw, 288px\" \/><\/p>\n<p>Abbildung 1: Beheizbare welas<sup>\u00ae<\/sup>\u00a0K\u00fcvette<\/p>\n<p>Die K\u00fcvetten sind standardm\u00e4\u00dfig aus Edelstahl. Bei der Verwendung des Sensors in aggressiven und korrosiven Aerosolen kann die K\u00fcvette auch aus Edelstahl oder aus anderen speziellen Werkstoffen, wie z. B. Hastelloy, gefertigt werden.<\/p>\n<p>Abgedichtete Zusatzscheiben verhindern, dass das Aerosol aus der K\u00fcvette in die Umgebung gelangt. Die Zusatzscheiben k\u00f6nnen vom Betreiber selbst leicht gereinigt und ausgetauscht werden.<\/p>\n","protected":false},"excerpt":{"rendered":"<p>Aerosol sensor pressure-resistant up to 1 bar overpressure and heatable up to 250\u00b0C<\/p>\n","protected":false},"featured_media":5462,"template":"","meta":[],"_links":{"self":[{"href":"https:\/\/palas.com.cn\/en\/wp-json\/wp\/v2\/product\/5410"}],"collection":[{"href":"https:\/\/palas.com.cn\/en\/wp-json\/wp\/v2\/product"}],"about":[{"href":"https:\/\/palas.com.cn\/en\/wp-json\/wp\/v2\/types\/product"}],"wp:featuredmedia":[{"embeddable":true,"href":"https:\/\/palas.com.cn\/en\/wp-json\/wp\/v2\/media\/5462"}],"wp:attachment":[{"href":"https:\/\/palas.com.cn\/en\/wp-json\/wp\/v2\/media?parent=5410"}],"curies":[{"name":"wp","href":"https:\/\/api.w.org\/{rel}","templated":true}]}}