{"id":5414,"date":"2020-08-18T08:54:34","date_gmt":"2020-08-18T08:54:34","guid":{"rendered":"https:\/\/palas-china.com.cn\/en\/?post_type=product&#038;p=5414"},"modified":"2025-01-20T12:14:10","modified_gmt":"2025-01-20T04:14:10","slug":"aerosol-sensor-welas-2100-hp","status":"publish","type":"product","link":"https:\/\/palas.com.cn\/en\/product\/aerosol-sensor-welas-2100-hp\/","title":{"rendered":"Aerosol sensor welas\u00ae 2100 HP"},"content":{"rendered":"<p>Je nach Zusammensetzung des zu messenden Aerosols, d. h. der Tr\u00e4gergaskomponenten und des Partikelmaterials, k\u00f6nnen Druck\u00e4nderungen im Tr\u00e4gergas die Partikelgr\u00f6\u00dfenverteilung und die Partikelkonzentration, z. B. durch Kondensation oder Verdampfung, signifikant beeinflussen.<\/p>\n<p>Daher sind die welas<sup>\u00ae<\/sup>\u00a0Aerosolsensoren welas<sup>\u00ae<\/sup>\u00a02070 HP bis welas<sup>\u00ae<\/sup>\u00a02500 HP mit einer druckfesten und heizbaren K\u00fcvette ausger\u00fcstet, um eine isobare und isotherme Probenahme bis in das Messvolumen des Sensors sicherzustellen.<\/p>\n<p><a class=\"vfsfile image block fancybox\" title=\"\" href=\"https:\/\/www.palas.de\/file\/4x1265\/image\/jpeg\/Beheizbare+und+druckfeste+welas%C2%AE+K%C3%BCvette.jpg?size=1200x700\" name=\"vfsfile4x1265\" data-fancybox-group=\"fancybox-602cefc83c346acc1ade453b5c4c1eca\"><img src=\"data:image\/jpeg;base64,\/9j\/4AAQSkZJRgABAQEAeAB4AAD\/2wBDAAcFBQYFBAcGBQYIBwcIChELCgkJChUPEAwRGBUaGRgVGBcbHichGx0lHRcYIi4iJSgpKywrGiAvMy8qMicqKyr\/2wBDAQcICAoJChQLCxQqHBgcKioqKioqKioqKioqKioqKioqKioqKioqKioqKioqKioqKioqKioqKioqKioqKioqKir\/wAARCADIAMADASIAAhEBAxEB\/8QAHAABAAEFAQEAAAAAAAAAAAAAAAUBBAYHCAMC\/8QAOxAAAQMDAgMGBAQEBQUAAAAAAQACAwQFEQYhEjFBBxMiUWFxFBUykUKBodEjM2KxCCRSssEWF0Njcv\/EABkBAQADAQEAAAAAAAAAAAAAAAADBAUCAf\/EACIRAAIDAAICAwADAAAAAAAAAAABAgMREjEEIRMiQUJRof\/aAAwDAQACEQMRAD8A6RREQBERAEREAREQBERAERCcIAitK+6UVrpHVVxqYqWBvOSV4aFhtT21aDpZjE++xvI5mKJ7x9wE7PG0jPUWF0Pa5oa4SBkGo6RricATEx\/7gFldLcKSuhEtFURVEZ\/HFIHj7hetNBNMuUVA7KqvD0IhOEQBERAEREAREQBERAEREAREQBERAFG3290Wn7TPcbnKIqeFpcSTu49AB1JV7VTxU1LJNPII442lz3uOA0Dquau0zWkuuLiynoyYLTSuPc8Q8Ururz5DyCY28R5J4jEtc61r9Z3qSqrZXdwHEQU4Pgib0wPP1WMNbk5wpj5NEdzK7KfJ+HdkoPvsr9KhHspzbI1tNG\/Z7PspC2T3OzTiostxqaKQbjupC3+2x\/NPhZIneMZ9QV7sYc4I+6uqEZLoruTRsjS3bve7a5lNqmlFxizjv4wGSgf7Xfot02TWtj1BapLhbbhG6GFpfM2TwvhA58TTuFyqIg9uHNBHUEIKZ8Id3D3ta9pa5rXEEjyz1HoVVt8RNbDslh5DXZtaDtj1BftdGm07DS\/KWP4eGaIkuaDu8uB223W3NP6ntmpaaaa01HesgkMT8jBDh\/x5Fc0Wu6U9h0hU0VJTvjqaqQB9a3csiG5aOocTstydjulKux2Se63QPiqrmGubTk\/yYh9IP9RzkrGSthZxmaClGS2JstERTgIiIAiIgCIiAIiIAiIgCIiAxbtJ7z\/tzeu54uL4fk3yyM\/ouZQMuyOnILrDUlv+a6ZuNCCQZ6d7ARzzjZctOp3MJZK3D2HDvQhSQ7IbDygt9dV009TSUVRPBA7hkljjJa12M491avcAPq29VkFjvLrL8RDJ3slFUOD3NifwvikAw2Rp5ZHkeeFBa6utunupnsskzxNEwzOnYGOdN+J2BtvsfdSreXHCJ5mkHcKscWAd\/Q8lb097kgcBM0Tx\/Zw9lFuiqXkuI48nod18tzktcCCOmFbjGUCNpMzugmp7hD3lHJx4HiZ+JvuFcFgxniIz1WE0TpYKhs1PI6ORm4c0rLKG8R14ENQWw1R2B5Nk\/Yqwp72V5Qx+j2c8szw4IcMOaeTltDs07UzDPBY9RTl0L8R01VKd2Hox58vIrVFSSHEEYcOYUfK45y3n5HqubaY2RxnVc3B+jtUOyq5WouxrtCN4pRp+7yl1bTt\/y0rzkyxj8J\/qH6hbcacrHlFxeM04yUlqKoiLk6CIiAIiIAiIgCIiAIiICjvp2Wh+07TD7LqGSvhjIoq93E1x5NkwS5v6ZW+VB6v03Tar05UWuqcYi8cUUzfqikG7XD2P3CbjOZR5LDk2\/wBwdSx93S8LpjsARnZYy3je9xfkuPNSV2tdzsN8uNtu5Y+qo5jE6Rhy15HUem6sGRB7hzz5jYrS8aPJ8ipZ9Vhd0sRJG36KbprVDcGtjqIw7PJw2cPzUZSRTsILR3rc\/SdnfkVlFtc2PDgC0t5tcMFvuFq6sxmbJtPUQl+09JYoWS0srauJzeJ2fC9n9JHn6qBjlhqYiX8eHAlj2nBa7ofX2WfVlY2py2Rocw7YPIhYdc6NtLUh0O8D\/oH+n0VeVTXsmru5en2XFJXyVEQhqjxSNGGyf6vQqkjjnyPUKtsgEjhluw6r7uEHc+No2O3sooz98WSOO9HnQXSptF0p6+ikMc8Dw9jh0I5LsHSWoINUaXorxTYAqYwXtB+h42c38jlcWSvySCRut9\/4cL6+agu9kkcSIHtqYh5B2zv1AVTyorstUPPRvJFQKqoFsIiIAiIgCIiAIiIAiIgKO2C152rdoLNJ2f4K3StF3q2Exnn8PHyMh9ejR1Pssm1dqmj0jpuoutfl4j8MUTTvLIfpaPc9egyuSdSahrtS3mpuFxk7yonfxO4fpbjk1vkByH36ruuDskkiOyfCOkZVVElVO6SRznFxJJc7Lj6k9SV70tNnC+KaAudkBT1voi5wOPdb1UFXHEZNs+TPa30WMF7ctCvLtM+rEQD+GSEcLJD5f6T5j+yuJuCGENaN1HTS8LHE4UhW17hZvqcsIcOB7fC5p6FWMgdWvNM0Zc\/dvofNfUznTl8jNy0eLHUdCvamtlRHTsqIJTFWHdoO7f8A5IUVluLCauv3pexUTaSENbucb+q+Z4RNE5jhs4YX3b651fTuM0LoJ4zwyMdyz5g9QvRzCCRhUde6W8wwyojfDUvieN2nC3T\/AIbLdMbverjwnuWwRwcfQuLuLH2H6rV9wtk9x1DR0dDH3lTW8McbOWXk4C6z0LpOm0bpSltMHC+Rg455QMd7Kfqd+3phQX2b6LVcf0yIKqIqhYCIiAIiIAiIgCIiALwqqqCjp5aiqlbDDC0vkkecBoA3JK9iSOQytE9s2tBe7kdG2eQ91THv7nOHYZhoyI89ccz64C8YfowztW7QP+sb4yOhc9tspcinDsjvCechHr09PdYJDEXn80q2sdWyCFzzGMcJecnl1UlQW2pewPEL+DP1EYC2fGqUIqT\/AEy7rHJtFzQ0XERsVksELKWDJG6+bdRtjiEjxgdNua+quTLsDYBWd0ovv2WVRJlxJKiZBNXVbKaljdJLK4MYxvNxJwAritmLQWg81tjsZ0JwAamusQMjgRRMcOXm\/wD4CivtVcSeit2SMHrOz6\/acgcbhaZjEBxOqIR3rCMZ3Ldxj1CjYw08iD7dF1fwZ9CVEXTSFhvIb8xtdNMWZ4XcHCRn1bhZHzS7ZpuhfhzQ8DoPdW8jg36sAeZXQcnZLpORxIo5489GVDgApS16E03ZpBLQ2qASj\/ySDvHfdy7+ZHPwP+zjm9VzKy58FNM6N8ADY3tOPFz2PQrqTsR1FdtSdnjKi\/GSSpp6h9OKiQYMzG4wfXGcZ8wqai7DdG6kvPzKppp6WZ7+OZlJL3bJT1y3G2fTCzi0WiisVqgttrgbT0lO3giibyaFA3r1llLFiL1EReHoREQBERAEREAQ7BFD6m1HQ6XsE90uL8RxDwsB8Urjya31JXgIbtI1tHo7TbpIh3lxqz3NHCNy556+wXMs8tJbKOqpp455LnOw95IJti8uy4vHtsN\/VXWutaV2qdR\/MKj+E+NvBExh2iHkD5+qxqCMyPy4ZJPM9Vc8fxHZJTn0U7b+KaRf21gY8TOjEsnFhgPIebj+iyyknrpqpr6Gkje\/hw0vcXZx198qugrDFeLoykqnuhg4g6SRjOIgdNvLPNbF05W1Gm9c3mmvtvo6azw8LbfWAMa9w5kbHxDbmd+Sh8pzla03kV0dUKKgpfrMWvct4fRx1Nxsbbe6HhilZEzDXDBw4+efNYxUT8GWk5K2PrDXUWoIXw0fdCmZDnuzJ4jI5waw4HkOJa4pLdUagv8AHQUDC90r+BuPLPP2VvxLGoS5dIqeTWnNKP6TOgNHy6w1E0StIoafElQ\/06NHqV0vTwxwU7IoWNZHGA1rWjAaByCh9J6aptLWKK30wBf9U0mN5H9T+ynVUusdktL9NSrjgwmERREwwiIgCIiAIiIAiIgCIiAIiIDzklbFG58hDGtBJc44AA5lcxdqev3apvHBSPxbaVzm0jQf5nQyn35D036rYHbXrr4ClOnaCUNfKzjrHsfu1h5R+7uZ9Pdc7zTPqZi5x+3kpvHqds9\/EQW2cVh8sBkdk7hTNupDI5oaFZ0lOXkbLOtN2bOJ5WgMbvut1JQRlTfJ4TGmHT6bc24U7msna0hoe3LXA8wVCXCVt0uFQbhVPpqdwJb4S8jfOApC614mk7pmzGbYHVQFZN3TS1vP3VK\/xo3r7PGdVeRKp+vZFW+mqHVRETHl8juCGPHiOdhnHXfC6V7PNDU2lLRHLNEHXOdoM8pAyzP4R5ALAuxrSvxd1kvlZHxMpRiHiGcyHr+Q\/ut5AAclSukoL4odL\/S\/RFyfyT7AGFVEVYthERAEREAREQBERAEREAREQDOFh3aJreDR1j443NfcqoFlJCeWRze7ya3n9gsku11pLPaqi43GYQU1MwySPPQfuei5L17q6o1PqGpuE+WGTwQxE\/yYh9LPfqfVexi5yUUcykorWQN4ulRc6+SoqZnzSyvL5JHc3uPNx91408JcRtzVvCwyOz5qftVvfPK0NaSTtj0W9TUq4pGTbPkyW07ZZK+sYxrchZlc5orbRtpYAOIDxFXtDTQ6dsYlftPIPCD0WJ1lUZ5nSSHOTlebzZA\/qsLaonDWl7juvvTVgq9TX+KlhZxcbtyRs0dSfRR5D66rEMYJ35BdDdnWkGabsjZaiMfG1DQX5H0N6N\/dQ+Rcq44uybx6vklv4ZLZLRTWS0w0NG3EcTcZ6uPUlSCo3kqrH79mx6\/AiIh6EREAREQBERAEREAREQBUPJVVDyQHPXbfrn427\/IaV3+Vtz8zf+2fG23UMB+59FpbidNJxOJOTzPVdCdovZvSGtqrlNTB1HO\/vH1Adh8L3HcH0zjBWlr1YWWK4CH4tsrHjIJ2c33Cu+HKtS+3ZTv5FtQUxc76craGj7FHTxfHVY4WtwRlQOktOurZ45HsxCNy5ZpfaqOmpxSQkBjG8Ix1K0bJ79UUM\/kyD1BdXV1Y5rT4AdgOixqsn5RR8+quKyQ07S4uyX8le6M01PqnUEVLGMRk8csmP5bM7leOUYR04jBzlhm3ZHooVdT86r48wRO\/gtP43+fsFuwNwra30FPbaGGko4xHDC0MY0eSuli2TdkuTNquChHihyREXBIEREAREQBERAEREAREQBERAERUzkFAWN7qqKistXU3QMdSRROdK2QAhzfLB555Lj6otT9Vaymp7bTvBqqlzywOLu7DnbRg+Q5LbfbF2gCszp6znvB3gD5GnPePHQegP6qui7FFojS3zqpDPmVW0ilEh+gY8Up9AP7eqglP36\/D3Fnsx7UckfZjBSWe2ymtaBitL5MnvHcmN8uEBWNVcXSnikY9hADu7kGHDKyTSGiZO0K5T3yvkfFboXllKXsDjM7PieQfNTmq+zyrkpnNfCZmRj+FUwDJYPUc\/wAt1b8fyZJfboqXU77RqnikudU2KFjnveQxjG83E8gF0ZoDSLdK6fYyVoNbUeOod5Ho0egWD9kugpqa4S3i8wcJp3mOna8c3j8YHl5LcgGApL7XP0uhRVxWvsqiIq5aCIiAIiIAiIgCIiAIiIAiIgCIiALBu1PU82m9L5pZe5lqXlhk6sZjxY\/qPIe6zlRt6sNBqG2S0F2pm1EEnR3Np6EHoVzJNr0Dnzs30yL9dptQ3v8AhW6lHG4vPJvRo9Spy7SVfaFrNtlt\/FHE8D4lw5U1MDsz3PM+4CybVGnb1pzR8Vu09SG4UsBL8RtAle78PeD8QHPI54Gyn+zfRx0tYO8rf4l1rT31XK7nk78P5Ktwblxz0daZTbLbS2m109BQxCOngYGMaPL91dFoVRyRWjkpgKo5Ii9AREQBERAEREAREQBERAEREAREQBERAEREBQjKAYREBVERAEREAREQBERAEREAREQBERAEREAREQH\/2Q==\" alt=\"Beheizbare und druckfeste welas\u00ae K\u00fcvette\" \/><\/a><\/p>\n<p>Abbildung 1: Beheizbare und druckfeste welas<sup>\u00ae<\/sup>\u00a0K\u00fcvette<\/p>\n<p>Die K\u00fcvetten sind standardm\u00e4\u00dfig aus eloxiertem Aluminium (schwarz). Bei der Verwendung des Sensors in aggressiven und korrosiven Aerosolen kann die K\u00fcvette auch aus Edelstahl oder aus anderen speziellen Werkstoffen, wie z. B. Hastelloy, gefertigt werden.<\/p>\n<p>Abgedichtete Zusatzscheiben verhindern, dass das Aerosol aus der K\u00fcvette in die Umgebung gelangt.<\/p>\n<p>Die Zusatzscheiben k\u00f6nnen vom Betreiber selbst leicht gereinigt und ausgetauscht werden.<\/p>\n","protected":false},"excerpt":{"rendered":"<p>Aerosol sensor pressure-resistant up to 10 bar overpressure and heatable up to 120\u00b0C<\/p>\n","protected":false},"featured_media":5449,"template":"","meta":[],"_links":{"self":[{"href":"https:\/\/palas.com.cn\/en\/wp-json\/wp\/v2\/product\/5414"}],"collection":[{"href":"https:\/\/palas.com.cn\/en\/wp-json\/wp\/v2\/product"}],"about":[{"href":"https:\/\/palas.com.cn\/en\/wp-json\/wp\/v2\/types\/product"}],"wp:featuredmedia":[{"embeddable":true,"href":"https:\/\/palas.com.cn\/en\/wp-json\/wp\/v2\/media\/5449"}],"wp:attachment":[{"href":"https:\/\/palas.com.cn\/en\/wp-json\/wp\/v2\/media?parent=5414"}],"curies":[{"name":"wp","href":"https:\/\/api.w.org\/{rel}","templated":true}]}}